{"id":4784,"date":"2022-01-19T12:09:30","date_gmt":"2022-01-19T11:09:30","guid":{"rendered":"https:\/\/www.lust-auf-muenchen.com\/?page_id=4784"},"modified":"2026-02-10T12:02:44","modified_gmt":"2026-02-10T11:02:44","slug":"aktuelles","status":"publish","type":"page","link":"https:\/\/www.lust-auf-muenchen.com\/en\/aktuelles\/","title":{"rendered":"News (NEW)"},"content":{"rendered":"<p>[et_pb_section fb_built=&#8220;1&#8243; _builder_version=&#8220;4.16&#8243; _module_preset=&#8220;default&#8220; global_colors_info=&#8220;{}&#8220; module_id=&#8220;touren&#8220; background_color=&#8220;#222b3a&#8220; custom_padding=&#8220;||||false|false&#8220;][et_pb_row _builder_version=&#8220;4.16&#8243; _module_preset=&#8220;default&#8220; global_colors_info=&#8220;{}&#8220;][et_pb_column type=&#8220;4_4&#8243; _builder_version=&#8220;4.16&#8243; _module_preset=&#8220;default&#8220; global_colors_info=&#8220;{}&#8220;][et_pb_blog fullwidth=&#8220;off&#8220; posts_number=&#8220;999&#8243; include_categories=&#8220;all&#8220; show_more=&#8220;on&#8220; show_author=&#8220;off&#8220; show_date=&#8220;off&#8220; show_categories=&#8220;off&#8220; module_class=&#8220;dt-blog-equal-height&#8220; _builder_version=&#8220;4.27.5&#8243; _module_preset=&#8220;default&#8220; hover_enabled=&#8220;0&#8243; global_colors_info=&#8220;{}&#8220; sticky_enabled=&#8220;0&#8243; custom_css_free_form=&#8220;@media(min-width:768px){||selector .et_pb_blog_grid .et_pb_post{||  padding-bottom:100px;||  position:relative;||  overflow:hidden;||}||selector .et_pb_blog_grid .et_pb_post .more-link{||  position: absolute;||    bottom: 30px;||}||}||@media(max-width:767px){||  selector .et_pb_blog_grid .post-content-inner{||  padding-bottom:30px;||}||  selector .et_pb_blog_grid .et_pb_post{||    padding-bottom:50px;}||}||selector .et_pb_blog_grid .et_pb_post .more-link{||   padding: 12px 30px!important;||\tcolor:#fff!important;||\tline-height:1.7em!important;||\tborder-radius: 0px;||    font-size: 16px;||    font-family: &#8218;Open Sans&#8216;, Helvetica, Arial, Lucida, sans-serif !important;||    font-weight: 600 !important;||    background-image: linear-gradient(190deg, rgba(255, 255, 255, 0) 0%, rgba(255, 255, 255, 0.28) 100%);||    background-color: #f7c520;||  box-shadow: 6px 6px 18px 0px rgba(0, 0, 0, 0.16);||}&#8220; border_width_all=&#8220;0px&#8220; excerpt_length=&#8220;220&#8243;][\/et_pb_blog][\/et_pb_column][\/et_pb_row][\/et_pb_section][et_pb_section fb_built=&#8220;1&#8243; _builder_version=&#8220;4.27.4&#8243; _module_preset=&#8220;default&#8220; use_background_color_gradient=&#8220;on&#8220; background_color_gradient_direction=&#8220;360deg&#8220; background_color_gradient_stops=&#8220;#ffffff 0%|rgba(255,255,255,0.9) 20%|rgba(255,255,255,0) 60%&#8220; background_color_gradient_overlays_image=&#8220;on&#8220; background_image=&#8220;https:\/\/www.lust-auf-muenchen.com\/wp-content\/uploads\/2020\/07\/muenchen-kenner.jpg&#8220; background_position=&#8220;bottom_center&#8220; custom_padding=&#8220;||||false|false&#8220; background_last_edited=&#8220;on|phone&#8220; use_background_color_gradient_tablet=&#8220;on&#8220; background_color_gradient_direction_tablet=&#8220;67deg&#8220; background_color_gradient_stops_tablet=&#8220;#ffffff 0%|rgba(255,255,255,0.9) 45%|rgba(255,255,255,0) 100%&#8220; background_position_tablet=&#8220;top_left&#8220; background_position_phone=&#8220;center_left&#8220; background_horizontal_offset_phone=&#8220;19%&#8220; locked=&#8220;off&#8220; global_colors_info=&#8220;{}&#8220;][et_pb_row column_structure=&#8220;2_3,1_3&#8243; _builder_version=&#8220;4.27.4&#8243; _module_preset=&#8220;default&#8220; custom_padding=&#8220;||0px||false|false&#8220; global_colors_info=&#8220;{}&#8220;][et_pb_column type=&#8220;2_3&#8243; _builder_version=&#8220;4.27.4&#8243; _module_preset=&#8220;default&#8220; global_colors_info=&#8220;{}&#8220;][et_pb_text _builder_version=&#8220;4.27.4&#8243; text_font=&#8220;Montserrat|||on|||||&#8220; text_text_color=&#8220;#000000&#8243; text_font_size=&#8220;26px&#8220; text_letter_spacing=&#8220;2px&#8220; header_font=&#8220;Gilda Display||||||||&#8220; header_text_align=&#8220;left&#8220; header_text_color=&#8220;#000000&#8243; header_font_size=&#8220;4vw&#8220; header_line_height=&#8220;1.1em&#8220; header_2_font=&#8220;|700||on|||||&#8220; header_2_font_size=&#8220;16px&#8220; header_2_letter_spacing=&#8220;6px&#8220; header_2_line_height=&#8220;2em&#8220; header_3_font=&#8220;||||||||&#8220; custom_margin=&#8220;286px||||false|false&#8220; custom_margin_tablet=&#8220;60px||20px||false|false&#8220; custom_margin_phone=&#8220;0px||||false|false&#8220; custom_margin_last_edited=&#8220;on|phone&#8220; text_text_color_tablet=&#8220;#000000&#8243; text_text_color_phone=&#8220;#000000&#8243; text_text_color_last_edited=&#8220;on|tablet&#8220; text_font_size_tablet=&#8220;26px&#8220; text_font_size_phone=&#8220;20px&#8220; text_font_size_last_edited=&#8220;on|phone&#8220; header_font_size_tablet=&#8220;9vw&#8220; header_font_size_phone=&#8220;&#8220; header_font_size_last_edited=&#8220;on|phone&#8220; header_2_font_size_tablet=&#8220;&#8220; header_2_font_size_phone=&#8220;12px&#8220; header_2_font_size_last_edited=&#8220;on|phone&#8220; header_text_shadow_style=&#8220;preset3&#8243; header_text_shadow_vertical_length=&#8220;0.03em&#8220; header_text_shadow_color=&#8220;#ffffff&#8220; locked=&#8220;off&#8220; global_colors_info=&#8220;{}&#8220; header_3_font_size__hover=&#8220;22px&#8220; header_3_font_size__hover_enabled=&#8220;22px&#8220; header_3_letter_spacing__hover=&#8220;0px&#8220; header_3_letter_spacing__hover_enabled=&#8220;0px&#8220; header_3_line_height__hover=&#8220;1em&#8220; header_3_line_height__hover_enabled=&#8220;1em&#8220; header_3_text_shadow_style__hover=&#8220;none&#8220; header_3_text_shadow_style__hover_enabled=&#8220;none&#8220; header_3_text_shadow_color__hover=&#8220;rgba(0,0,0,0.4)&#8220; header_3_text_shadow_color__hover_enabled=&#8220;rgba(0,0,0,0.4)&#8220;]<\/p>\n<p>Touren\u00fcbersicht:<\/p>\n<p>[\/et_pb_text][et_pb_text _builder_version=&#8220;4.27.4&#8243; text_font=&#8220;Montserrat||||||||&#8220; text_text_color=&#8220;#000000&#8243; text_font_size=&#8220;22px&#8220; text_letter_spacing=&#8220;2px&#8220; header_font=&#8220;Gilda Display||||||||&#8220; header_text_align=&#8220;left&#8220; header_text_color=&#8220;#000000&#8243; header_font_size=&#8220;3.5vw&#8220; header_line_height=&#8220;1.1em&#8220; header_2_font=&#8220;|700|||||||&#8220; header_2_font_size=&#8220;16px&#8220; header_2_letter_spacing=&#8220;6px&#8220; header_2_line_height=&#8220;2em&#8220; header_3_font=&#8220;||||||||&#8220; custom_margin=&#8220;||0px||false|false&#8220; custom_margin_tablet=&#8220;0vw||20px&#8220; custom_margin_last_edited=&#8220;off|desktop&#8220; header_font_size_tablet=&#8220;9vw&#8220; header_font_size_phone=&#8220;&#8220; header_font_size_last_edited=&#8220;on|phone&#8220; header_2_font_size_tablet=&#8220;&#8220; header_2_font_size_phone=&#8220;12px&#8220; header_2_font_size_last_edited=&#8220;on|phone&#8220; header_text_shadow_style=&#8220;preset3&#8243; header_text_shadow_vertical_length=&#8220;0.03em&#8220; header_text_shadow_color=&#8220;#ffffff&#8220; locked=&#8220;off&#8220; global_colors_info=&#8220;{}&#8220; header_3_font_size__hover=&#8220;22px&#8220; header_3_font_size__hover_enabled=&#8220;22px&#8220; header_3_letter_spacing__hover=&#8220;0px&#8220; header_3_letter_spacing__hover_enabled=&#8220;0px&#8220; header_3_line_height__hover=&#8220;1em&#8220; header_3_line_height__hover_enabled=&#8220;1em&#8220; header_3_text_shadow_style__hover=&#8220;none&#8220; header_3_text_shadow_style__hover_enabled=&#8220;none&#8220; header_3_text_shadow_color__hover=&#8220;rgba(0,0,0,0.4)&#8220; header_3_text_shadow_color__hover_enabled=&#8220;rgba(0,0,0,0.4)&#8220;]<\/p>\n<h1>F\u00fcr M\u00fcnchen-Kenner<\/h1>\n<p>[\/et_pb_text][et_pb_button button_url=&#8220;https:\/\/www.lust-auf-muenchen.com\/fuer-muenchen-kenner\/#touren&#8220; button_text=&#8220;Zu den Touren&#8220; button_alignment=&#8220;left&#8220; _builder_version=&#8220;4.27.5&#8243; custom_button=&#8220;on&#8220; button_text_size=&#8220;16px&#8220; button_text_color=&#8220;#ffffff&#8220; button_bg_color=&#8220;#f7c520&#8243; button_bg_use_color_gradient=&#8220;on&#8220; button_bg_color_gradient_direction=&#8220;190deg&#8220; button_bg_color_gradient_stops=&#8220;rgba(255,255,255,0) 0%|rgba(255,255,255,0.28) 100%&#8220; button_bg_color_gradient_start=&#8220;rgba(255,255,255,0)&#8220; button_bg_color_gradient_end=&#8220;rgba(255,255,255,0.28)&#8220; button_border_width=&#8220;0px&#8220; button_border_radius=&#8220;0px&#8220; button_font=&#8220;Open Sans|600|||||||&#8220; button_use_icon=&#8220;off&#8220; custom_margin=&#8220;20px||||false|false&#8220; custom_padding=&#8220;18px|40px|18px|40px|true|true&#8220; hover_enabled=&#8220;0&#8243; box_shadow_style=&#8220;preset3&#8243; box_shadow_vertical=&#8220;20px&#8220; box_shadow_blur=&#8220;60px&#8220; box_shadow_spread=&#8220;-15px&#8220; box_shadow_color=&#8220;rgba(0,31,99,0.79)&#8220; locked=&#8220;off&#8220; global_colors_info=&#8220;{}&#8220; button_bg_color__hover_enabled=&#8220;on|hover&#8220; button_bg_color__hover=&#8220;#ffb238&#8243; button_text_color__hover_enabled=&#8220;on|hover&#8220; button_text_color__hover=&#8220;#ffffff&#8220; button_bg_enable_color__hover=&#8220;on&#8220; custom_padding_last_edited=&#8220;on|phone&#8220; sticky_enabled=&#8220;0&#8243; custom_padding_phone=&#8220;15px|25px|15px|25px|true|true&#8220; custom_padding_tablet=&#8220;18px|40px|18px|40px|true|true&#8220;][\/et_pb_button][\/et_pb_column][et_pb_column type=&#8220;1_3&#8243; _builder_version=&#8220;4.27.4&#8243; _module_preset=&#8220;default&#8220; global_colors_info=&#8220;{}&#8220;][\/et_pb_column][\/et_pb_row][\/et_pb_section]<\/p>\n","protected":false},"excerpt":{"rendered":"<p>Touren\u00fcbersicht:F\u00fcr M\u00fcnchen-Kenner<\/p>","protected":false},"author":1,"featured_media":0,"parent":0,"menu_order":0,"comment_status":"closed","ping_status":"closed","template":"","meta":{"_et_pb_use_builder":"on","_et_pb_old_content":"","_et_gb_content_width":"","footnotes":""},"class_list":["post-4784","page","type-page","status-publish","hentry"],"_links":{"self":[{"href":"https:\/\/www.lust-auf-muenchen.com\/en\/wp-json\/wp\/v2\/pages\/4784","targetHints":{"allow":["GET"]}}],"collection":[{"href":"https:\/\/www.lust-auf-muenchen.com\/en\/wp-json\/wp\/v2\/pages"}],"about":[{"href":"https:\/\/www.lust-auf-muenchen.com\/en\/wp-json\/wp\/v2\/types\/page"}],"author":[{"embeddable":true,"href":"https:\/\/www.lust-auf-muenchen.com\/en\/wp-json\/wp\/v2\/users\/1"}],"replies":[{"embeddable":true,"href":"https:\/\/www.lust-auf-muenchen.com\/en\/wp-json\/wp\/v2\/comments?post=4784"}],"version-history":[{"count":11,"href":"https:\/\/www.lust-auf-muenchen.com\/en\/wp-json\/wp\/v2\/pages\/4784\/revisions"}],"predecessor-version":[{"id":7488,"href":"https:\/\/www.lust-auf-muenchen.com\/en\/wp-json\/wp\/v2\/pages\/4784\/revisions\/7488"}],"wp:attachment":[{"href":"https:\/\/www.lust-auf-muenchen.com\/en\/wp-json\/wp\/v2\/media?parent=4784"}],"curies":[{"name":"wp","href":"https:\/\/api.w.org\/{rel}","templated":true}]}}