{"id":410,"date":"2020-06-03T15:31:00","date_gmt":"2020-06-03T13:31:00","guid":{"rendered":"https:\/\/www.lust-auf-muenchen.com\/?page_id=410"},"modified":"2025-11-04T05:37:16","modified_gmt":"2025-11-04T04:37:16","slug":"kontakt","status":"publish","type":"page","link":"https:\/\/www.lust-auf-muenchen.com\/en\/kontakt\/","title":{"rendered":"Contact"},"content":{"rendered":"<p>[et_pb_section fb_built=&#8220;1&#8243; bg_img_2=&#8220;https:\/\/www.lust-auf-muenchen.com\/wp-content\/uploads\/2020\/04\/resort-02.jpg&#8220; use_background_color_gradient_2=&#8220;off&#8220; background_color_gradient_direction_2=&#8220;105deg&#8220; background_color_gradient_stops_2=&#8220;rgba(255,255,255,0.65) 0%|rgba(255,255,255,0) 76%&#8220; background_color_gradient_start_2=&#8220;rgba(255,255,255,0.65)&#8220; background_color_gradient_end_2=&#8220;rgba(255,255,255,0)&#8220; background_color_gradient_start_position_2=&#8220;0%&#8220; background_color_gradient_end_position_2=&#8220;76%&#8220; background_color_gradient_overlays_image_2=&#8220;on&#8220; admin_label=&#8220;Header&#8220; _builder_version=&#8220;4.16&#8243; use_background_color_gradient=&#8220;on&#8220; background_color_gradient_stops=&#8220;#ffffff 0%|rgba(0,31,99,0.47) 50%&#8220; background_color_gradient_overlays_image=&#8220;on&#8220; background_color_gradient_start=&#8220;#ffffff&#8220; background_color_gradient_end=&#8220;rgba(0,31,99,0.47)&#8220; background_color_gradient_end_position=&#8220;50%&#8220; background_image=&#8220;https:\/\/www.lust-auf-muenchen.com\/wp-content\/uploads\/2020\/04\/stadtfuehrungen-muenchen-1.jpg&#8220; custom_padding=&#8220;22vw|0px|0|0px|false|false&#8220; locked=&#8220;off&#8220; global_colors_info=&#8220;{}&#8220;][et_pb_row column_structure=&#8220;3_5,2_5&#8243; _builder_version=&#8220;4.16&#8243; background_color=&#8220;#ffffff&#8220; max_width=&#8220;1160px&#8220; custom_padding=&#8220;|40px||40px||true&#8220; use_custom_width=&#8220;on&#8220; custom_width_px=&#8220;1160px&#8220; global_colors_info=&#8220;{}&#8220;][et_pb_column type=&#8220;3_5&#8243; _builder_version=&#8220;4.16&#8243; custom_padding=&#8220;|||&#8220; global_colors_info=&#8220;{}&#8220; custom_padding__hover=&#8220;|||&#8220;][et_pb_text _builder_version=&#8220;4.16&#8243; text_font=&#8220;Open Sans||||||||&#8220; text_line_height=&#8220;2em&#8220; header_font=&#8220;Gilda Display||||||||&#8220; header_text_color=&#8220;#000000&#8243; header_font_size=&#8220;65px&#8220; header_line_height=&#8220;1.3em&#8220; header_2_font=&#8220;|700||on|||||&#8220; header_2_font_size=&#8220;16px&#8220; header_2_letter_spacing=&#8220;6px&#8220; header_2_line_height=&#8220;2em&#8220; header_3_font=&#8220;||||||||&#8220; max_width=&#8220;700px&#8220; custom_margin_tablet=&#8220;0vw||20px&#8220; header_font_size_tablet=&#8220;10vw&#8220; header_font_size_phone=&#8220;&#8220; header_font_size_last_edited=&#8220;on|phone&#8220; header_2_font_size_tablet=&#8220;&#8220; header_2_font_size_phone=&#8220;12px&#8220; header_2_font_size_last_edited=&#8220;on|phone&#8220; header_text_shadow_style=&#8220;preset3&#8243; header_text_shadow_vertical_length=&#8220;0.03em&#8220; header_text_shadow_color=&#8220;#ffffff&#8220; locked=&#8220;off&#8220; global_colors_info=&#8220;{}&#8220; header_3_font_size__hover=&#8220;22px&#8220; header_3_font_size__hover_enabled=&#8220;22px&#8220; header_3_letter_spacing__hover=&#8220;0px&#8220; header_3_letter_spacing__hover_enabled=&#8220;0px&#8220; header_3_line_height__hover=&#8220;1em&#8220; header_3_line_height__hover_enabled=&#8220;1em&#8220; header_3_text_shadow_style__hover=&#8220;none&#8220; header_3_text_shadow_style__hover_enabled=&#8220;none&#8220; header_3_text_shadow_color__hover=&#8220;rgba(0,0,0,0.4)&#8220; header_3_text_shadow_color__hover_enabled=&#8220;rgba(0,0,0,0.4)&#8220;]<\/p>\n<h1>Kontakt<\/h1>\n<p>[\/et_pb_text][\/et_pb_column][et_pb_column type=&#8220;2_5&#8243; _builder_version=&#8220;4.16&#8243; custom_padding=&#8220;16px|||&#8220; global_colors_info=&#8220;{}&#8220; custom_padding__hover=&#8220;|||&#8220;][et_pb_text _builder_version=&#8220;4.16&#8243; text_font=&#8220;Open Sans||||||||&#8220; text_font_size=&#8220;16px&#8220; text_line_height=&#8220;2em&#8220; text_orientation=&#8220;right&#8220; global_colors_info=&#8220;{}&#8220;]<\/p>\n<p>Grit Ranft: Offizielle G\u00e4stef\u00fchrerin der Landeshauptstadt M\u00fcnchen<br \/> und der KZ-Gedenkst\u00e4tte Dachau<\/p>\n<p>[\/et_pb_text][\/et_pb_column][\/et_pb_row][\/et_pb_section][et_pb_section fb_built=&#8220;1&#8243; admin_label=&#8220;Amenities&#8220; _builder_version=&#8220;4.16&#8243; custom_padding=&#8220;0|0px|54px|0px|false|false&#8220; global_colors_info=&#8220;{}&#8220;][et_pb_row column_structure=&#8220;1_2,1_2&#8243; make_equal=&#8220;on&#8220; padding_top_bottom_link_1=&#8220;true&#8220; padding_top_bottom_link_2=&#8220;false&#8220; padding_top_bottom_link_3=&#8220;false&#8220; padding_left_right_link_1=&#8220;true&#8220; _builder_version=&#8220;4.16&#8243; max_width=&#8220;1160px&#8220; custom_padding=&#8220;0||0|0|false|false&#8220; use_custom_width=&#8220;on&#8220; custom_width_px=&#8220;1160px&#8220; global_colors_info=&#8220;{}&#8220;][et_pb_column type=&#8220;1_2&#8243; _builder_version=&#8220;4.16&#8243; background_color=&#8220;#f7cc3e&#8220; custom_padding=&#8220;40px|40px|40px|40px&#8220; global_colors_info=&#8220;{}&#8220; custom_padding__hover=&#8220;|||&#8220;][et_pb_blurb _builder_version=&#8220;4.16&#8243; header_font=&#8220;|700||on|||||&#8220; header_font_size=&#8220;14px&#8220; header_letter_spacing=&#8220;1px&#8220; header_line_height=&#8220;1.3em&#8220; body_font=&#8220;||||||||&#8220; background_layout=&#8220;dark&#8220; custom_margin=&#8220;||40px&#8220; link_option_url=&#8220;#&#8220; locked=&#8220;off&#8220; global_colors_info=&#8220;{}&#8220; icon_color__hover_enabled=&#8220;on&#8220; icon_color__hover=&#8220;#ff5900&#8243; background__hover_enabled=&#8220;on&#8220;]Naupliastra\u00dfe 100<br \/>\n81545 M\u00fcnchen[\/et_pb_blurb][et_pb_text _builder_version=&#8220;4.16&#8243; text_font=&#8220;||||||||&#8220; text_font_size=&#8220;16px&#8220; text_line_height=&#8220;2em&#8220; background_layout=&#8220;dark&#8220; global_colors_info=&#8220;{}&#8220;]<\/p>\n<p><strong>Wie kann ich Ihnen helfen? Was m\u00f6chten Sie wissen?<\/strong><br \/> Schreiben Sie mir einfach \u00fcber das Kontaktformular oder rufen Sie mich an:<\/p>\n<p>[\/et_pb_text][\/et_pb_column][et_pb_column type=&#8220;1_2&#8243; _builder_version=&#8220;4.16&#8243; custom_padding=&#8220;40px|||&#8220; global_colors_info=&#8220;{}&#8220; custom_padding__hover=&#8220;|||&#8220;][et_pb_blurb title=&#8220;Telefon&#8220; _builder_version=&#8220;4.16&#8243; header_font=&#8220;|600||on|||||&#8220; header_font_size=&#8220;14px&#8220; header_letter_spacing=&#8220;1px&#8220; header_line_height=&#8220;1.3em&#8220; body_font=&#8220;||||||||&#8220; body_text_color=&#8220;rgba(0,0,0,0.3)&#8220; custom_margin=&#8220;||40px&#8220; link_option_url=&#8220;#&#8220; global_colors_info=&#8220;{}&#8220; icon_color__hover_enabled=&#8220;on&#8220; icon_color__hover=&#8220;#ff5900&#8243;]+49 151 5254 1981[\/et_pb_blurb][et_pb_blurb title=&#8220;E-Mail Adresse&#8220; _builder_version=&#8220;4.16&#8243; header_font=&#8220;|600||on|||||&#8220; header_font_size=&#8220;14px&#8220; header_letter_spacing=&#8220;1px&#8220; header_line_height=&#8220;1.3em&#8220; body_font=&#8220;||||||||&#8220; body_text_color=&#8220;rgba(0,0,0,0.3)&#8220; custom_margin=&#8220;||40px&#8220; link_option_url=&#8220;#&#8220; global_colors_info=&#8220;{}&#8220; icon_color__hover_enabled=&#8220;on&#8220; icon_color__hover=&#8220;#ff5900&#8243;]<\/p>\n<p>info@lust-auf-muenchen.com<\/p>\n<p>[\/et_pb_blurb][\/et_pb_column][\/et_pb_row][\/et_pb_section][et_pb_section fb_built=&#8220;1&#8243; admin_label=&#8220;Contact Form&#8220; _builder_version=&#8220;4.16&#8243; global_colors_info=&#8220;{}&#8220;][et_pb_row column_structure=&#8220;3_4,1_4&#8243; _builder_version=&#8220;4.27.4&#8243; custom_padding=&#8220;27px|0px|0|0px|false|false&#8220; hover_enabled=&#8220;0&#8243; locked=&#8220;off&#8220; global_colors_info=&#8220;{}&#8220; module_id=&#8220;kontakt-form&#8220; sticky_enabled=&#8220;0&#8243;][et_pb_column type=&#8220;3_4&#8243; _builder_version=&#8220;4.16&#8243; custom_padding=&#8220;|||&#8220; global_colors_info=&#8220;{}&#8220; custom_padding__hover=&#8220;|||&#8220;][et_pb_text _builder_version=&#8220;4.16&#8243; text_font=&#8220;Open Sans||||||||&#8220; text_line_height=&#8220;2em&#8220; header_font=&#8220;||||||||&#8220; header_2_font=&#8220;Gilda Display||||||||&#8220; header_2_font_size=&#8220;60px&#8220; header_2_line_height=&#8220;1.2em&#8220; max_width=&#8220;800px&#8220; header_2_font_size_tablet=&#8220;40px&#8220; header_2_font_size_phone=&#8220;30px&#8220; header_2_font_size_last_edited=&#8220;on|phone&#8220; locked=&#8220;off&#8220; global_colors_info=&#8220;{}&#8220;]<\/p>\n<h2>Kontaktformular<\/h2>\n<p>[\/et_pb_text][\/et_pb_column][et_pb_column type=&#8220;1_4&#8243; _builder_version=&#8220;4.16&#8243; custom_padding=&#8220;|||&#8220; global_colors_info=&#8220;{}&#8220; custom_padding__hover=&#8220;|||&#8220;][\/et_pb_column][\/et_pb_row][et_pb_row column_structure=&#8220;3_4,1_4&#8243; _builder_version=&#8220;4.16&#8243; custom_padding=&#8220;||33px|||&#8220; locked=&#8220;off&#8220; global_colors_info=&#8220;{}&#8220;][et_pb_column type=&#8220;3_4&#8243; _builder_version=&#8220;4.16&#8243; custom_padding=&#8220;|||&#8220; global_colors_info=&#8220;{}&#8220; custom_padding__hover=&#8220;|||&#8220;][et_pb_text _builder_version=&#8220;4.16&#8243; _module_preset=&#8220;default&#8220; custom_margin=&#8220;0px||0px||true|false&#8220; custom_padding=&#8220;0px||0px||true|false&#8220; global_colors_info=&#8220;{}&#8220;]<\/p>\n<div id=\"quform-c4b854\" class=\"quform quform-3 quform-support-page-caching\"><form id=\"quform-form-c4b854\" class=\"quform-form quform-form-3\" action=\"\/en\/wp-json\/wp\/v2\/pages\/410#quform-c4b854\" method=\"post\" enctype=\"multipart\/form-data\" novalidate=\"novalidate\" data-options=\"{&quot;id&quot;:3,&quot;uniqueId&quot;:&quot;c4b854&quot;,&quot;theme&quot;:&quot;&quot;,&quot;ajax&quot;:true,&quot;logic&quot;:{&quot;logic&quot;:[],&quot;dependents&quot;:[],&quot;elementIds&quot;:[],&quot;dependentElementIds&quot;:[],&quot;animate&quot;:true},&quot;currentPageId&quot;:1,&quot;errorsIcon&quot;:&quot;&quot;,&quot;updateFancybox&quot;:true,&quot;hasPages&quot;:false,&quot;pages&quot;:[1],&quot;pageProgressType&quot;:&quot;numbers&quot;,&quot;tooltipsEnabled&quot;:true,&quot;tooltipClasses&quot;:&quot;qtip-quform-dark qtip-shadow&quot;,&quot;tooltipMy&quot;:&quot;left center&quot;,&quot;tooltipAt&quot;:&quot;right center&quot;,&quot;isRtl&quot;:false,&quot;scrollOffset&quot;:-50,&quot;scrollSpeed&quot;:800}\"><button class=\"quform-default-submit\" name=\"quform_submit\" type=\"submit\" value=\"submit\" aria-hidden=\"true\" tabindex=\"-1\"><\/button><div class=\"quform-form-inner quform-form-inner-3\"><input type=\"hidden\" name=\"quform_form_id\" value=\"3\" \/><input type=\"hidden\" name=\"quform_form_uid\" value=\"c4b854\" \/><input type=\"hidden\" name=\"quform_count\" value=\"1\" \/><input type=\"hidden\" name=\"form_url\" value=\"https:\/\/www.lust-auf-muenchen.com\/en\/wp-json\/wp\/v2\/pages\/410\" \/><input type=\"hidden\" name=\"referring_url\" value=\"\" \/><input type=\"hidden\" name=\"post_id\" value=\"\" \/><input type=\"hidden\" name=\"post_title\" value=\"\" \/><input type=\"hidden\" name=\"quform_current_page_id\" value=\"1\" \/><input type=\"hidden\" name=\"quform_loaded\" value=\"1776322936|b353ea6ac436833f43f3a01a19d06708\" \/><input type=\"hidden\" name=\"quform_csrf_token\" value=\"q2xOJigPKsMgoioMNXEO6F96n7PyGtZrdfJsV0xt\" \/><div class=\"quform-elements quform-elements-3 quform-cf quform-responsive-elements-phone-landscape\"><div class=\"quform-element quform-element-page quform-page-1 quform-page-3_1 quform-cf quform-group-style-plain quform-first-page quform-last-page quform-current-page\"><div class=\"quform-child-elements\"><div class=\"quform-element quform-element-row quform-element-row-3_3 quform-2-columns quform-element-row-size-fixed quform-responsive-columns-phone-landscape\"><div class=\"quform-element quform-element-column quform-element-3_4\"><div class=\"quform-element quform-element-text quform-element-3_7 quform-cf quform-element-required\"><div class=\"quform-spacer\"><div class=\"quform-inner quform-inner-text quform-inner-3_7\"><div class=\"quform-input quform-input-text quform-input-3_7 quform-cf\"><input type=\"text\" id=\"quform_3_7_c4b854\" name=\"quform_3_7\" class=\"quform-field quform-field-text quform-field-3_7\" placeholder=\"Name\" \/><\/div><\/div><\/div><\/div><\/div><div class=\"quform-element quform-element-column quform-element-3_5\"><div class=\"quform-element quform-element-email quform-element-3_8 quform-cf quform-element-required\"><div class=\"quform-spacer\"><div class=\"quform-inner quform-inner-email quform-inner-3_8\"><div class=\"quform-input quform-input-email quform-input-3_8 quform-cf\"><input type=\"email\" id=\"quform_3_8_c4b854\" name=\"quform_3_8\" class=\"quform-field quform-field-email quform-field-3_8\" placeholder=\"E-Mail-Addresse\" \/><\/div><\/div><\/div><\/div><\/div><\/div><div class=\"quform-element quform-element-textarea quform-element-3_9 quform-cf quform-element-required\"><div class=\"quform-spacer\"><div class=\"quform-inner quform-inner-textarea quform-inner-3_9\"><div class=\"quform-input quform-input-textarea quform-input-3_9 quform-cf\"><textarea id=\"quform_3_9_c4b854\" name=\"quform_3_9\" class=\"quform-field quform-field-textarea quform-field-3_9\" placeholder=\"Nachricht\"><\/textarea><\/div><\/div><\/div><\/div><div class=\"quform-element quform-element-textarea quform-element-3_607620 quform-sr-only quform-cf\" style=\"clip: rect(1px, 1px, 1px, 1px); clip-path: inset(50%); position: absolute !important; height: 1px; width: 1px; overflow: hidden;\"><div class=\"quform-spacer\"><div class=\"quform-label quform-label-3_607620\"><label class=\"quform-label-text\" for=\"quform_3_607620_c4b854\">Website URL<span class=\"quform-required\">*<\/span><\/label><\/div><div class=\"quform-inner quform-inner-3_607620\"><textarea id=\"quform_3_607620_c4b854\" name=\"quform_3_607620\" class=\"quform-field quform-field-textarea quform-field-3_607620\" tabindex=\"-1\" autocomplete=\"new-password\"><\/textarea><\/div><\/div><\/div><input type=\"hidden\" name=\"quform_3_11\" class=\"quform-field quform-field-hidden quform-field-3_11\" data-default=\"\" \/><div class=\"quform-element quform-element-checkbox quform-element-3_10 quform-cf quform-element-required\"><div class=\"quform-spacer\"><div class=\"quform-label quform-label-3_10\"><label class=\"quform-label-text\" id=\"quform_3_10_c4b854_label\"><a href=\"https:\/\/www.lust-auf-muenchen.com\/datenschutz\/\">Datenschutz:<\/a><span class=\"quform-required\">*<\/span><\/label><\/div><div class=\"quform-inner quform-inner-checkbox quform-inner-3_10\"><div class=\"quform-input quform-input-checkbox quform-input-3_10 quform-cf\"><div class=\"quform-options quform-cf quform-options-block quform-options-simple\" role=\"group\" aria-labelledby=\"quform_3_10_c4b854_label\"><div class=\"quform-option\"><input type=\"checkbox\" name=\"quform_3_10[]\" id=\"quform_3_10_c4b854_1\" class=\"quform-field quform-field-checkbox quform-field-3_10 quform-field-3_10_1\" value=\"Ich habe die Datenschutzerkl\u00e4rung zur Kenntnis genommen.\" \/><label for=\"quform_3_10_c4b854_1\" class=\"quform-option-label quform-option-label-3_10_1\"><span class=\"quform-option-text\">Ich habe die Datenschutzerkl\u00e4rung zur Kenntnis genommen.<\/span><\/label><\/div><\/div><\/div><\/div><\/div><\/div><div class=\"quform-element quform-element-submit quform-element-3_2 quform-cf quform-button-style-theme\"><div class=\"quform-button-submit quform-button-submit-default quform-button-submit-3_2\"><button name=\"quform_submit\" type=\"submit\" class=\"quform-submit\" value=\"submit\"><span class=\"quform-button-text quform-button-submit-text\">Senden<\/span><\/button><\/div><div class=\"quform-loading quform-loading-position-left quform-loading-type-spinner-1\"><div class=\"quform-loading-inner\"><div class=\"quform-loading-spinner\"><div class=\"quform-loading-spinner-inner\"><\/div><\/div><\/div><\/div><\/div><\/div><\/div><\/div><\/div><\/form><\/div>\n<p>[\/et_pb_text][\/et_pb_column][et_pb_column type=&#8220;1_4&#8243; _builder_version=&#8220;4.16&#8243; custom_padding=&#8220;|||&#8220; global_colors_info=&#8220;{}&#8220; custom_padding__hover=&#8220;|||&#8220;][\/et_pb_column][\/et_pb_row][\/et_pb_section][et_pb_section fb_built=&#8220;1&#8243; fullwidth=&#8220;on&#8220; _builder_version=&#8220;4.16&#8243; locked=&#8220;off&#8220; global_colors_info=&#8220;{}&#8220;][et_pb_fullwidth_image src=&#8220;https:\/\/www.lust-auf-muenchen.com\/wp-content\/uploads\/2020\/04\/meunchen.jpg&#8220; _builder_version=&#8220;4.16&#8243; global_colors_info=&#8220;{}&#8220;][\/et_pb_fullwidth_image][\/et_pb_section]<\/p>\n","protected":false},"excerpt":{"rendered":"<p>KontaktGrit Ranft: Offizielle G\u00e4stef\u00fchrerin der Landeshauptstadt M\u00fcnchen und der KZ-Gedenkst\u00e4tte DachauNaupliastra\u00dfe 100 81545 M\u00fcnchenWie kann ich Ihnen helfen? Was m\u00f6chten Sie wissen? Schreiben Sie mir einfach \u00fcber das Kontaktformular oder rufen Sie mich an:+49 151 5254 1981info@lust-auf-muenchen.comKontaktformular<div id=\"quform-5cb5a5\" class=\"quform quform-3 quform-support-page-caching\"><form id=\"quform-form-5cb5a5\" class=\"quform-form quform-form-3\" action=\"\/en\/wp-json\/wp\/v2\/pages\/410#quform-5cb5a5\" method=\"post\" enctype=\"multipart\/form-data\" novalidate=\"novalidate\" data-options=\"{&quot;id&quot;:3,&quot;uniqueId&quot;:&quot;5cb5a5&quot;,&quot;theme&quot;:&quot;&quot;,&quot;ajax&quot;:true,&quot;logic&quot;:{&quot;logic&quot;:[],&quot;dependents&quot;:[],&quot;elementIds&quot;:[],&quot;dependentElementIds&quot;:[],&quot;animate&quot;:true},&quot;currentPageId&quot;:1,&quot;errorsIcon&quot;:&quot;&quot;,&quot;updateFancybox&quot;:true,&quot;hasPages&quot;:false,&quot;pages&quot;:[1],&quot;pageProgressType&quot;:&quot;numbers&quot;,&quot;tooltipsEnabled&quot;:true,&quot;tooltipClasses&quot;:&quot;qtip-quform-dark qtip-shadow&quot;,&quot;tooltipMy&quot;:&quot;left center&quot;,&quot;tooltipAt&quot;:&quot;right center&quot;,&quot;isRtl&quot;:false,&quot;scrollOffset&quot;:-50,&quot;scrollSpeed&quot;:800}\"><button class=\"quform-default-submit\" name=\"quform_submit\" type=\"submit\" value=\"submit\" aria-hidden=\"true\" tabindex=\"-1\"><\/button><div class=\"quform-form-inner quform-form-inner-3\"><input type=\"hidden\" name=\"quform_form_id\" value=\"3\" \/><input type=\"hidden\" name=\"quform_form_uid\" value=\"5cb5a5\" \/><input type=\"hidden\" name=\"quform_count\" value=\"2\" \/><input type=\"hidden\" name=\"form_url\" value=\"https:\/\/www.lust-auf-muenchen.com\/en\/wp-json\/wp\/v2\/pages\/410\" \/><input type=\"hidden\" name=\"referring_url\" value=\"\" \/><input type=\"hidden\" name=\"post_id\" value=\"\" \/><input type=\"hidden\" name=\"post_title\" value=\"\" \/><input type=\"hidden\" name=\"quform_current_page_id\" value=\"1\" \/><input type=\"hidden\" name=\"quform_loaded\" value=\"1776322936|b353ea6ac436833f43f3a01a19d06708\" \/><input type=\"hidden\" name=\"quform_csrf_token\" value=\"q2xOJigPKsMgoioMNXEO6F96n7PyGtZrdfJsV0xt\" \/><div class=\"quform-elements quform-elements-3 quform-cf quform-responsive-elements-phone-landscape\"><div class=\"quform-element quform-element-page quform-page-1 quform-page-3_1 quform-cf quform-group-style-plain quform-first-page quform-last-page quform-current-page\"><div class=\"quform-child-elements\"><div class=\"quform-element quform-element-textarea quform-element-3_607620 quform-sr-only quform-cf\" style=\"clip: rect(1px, 1px, 1px, 1px); clip-path: inset(50%); position: absolute !important; height: 1px; width: 1px; overflow: hidden;\"><div class=\"quform-spacer\"><div class=\"quform-label quform-label-3_607620\"><label class=\"quform-label-text\" for=\"quform_3_607620_5cb5a5\">Company Name<span class=\"quform-required\">*<\/span><\/label><\/div><div class=\"quform-inner quform-inner-3_607620\"><textarea id=\"quform_3_607620_5cb5a5\" name=\"quform_3_607620\" class=\"quform-field quform-field-textarea quform-field-3_607620\" tabindex=\"-1\" autocomplete=\"new-password\"><\/textarea><\/div><\/div><\/div><div class=\"quform-element quform-element-row quform-element-row-3_3 quform-2-columns quform-element-row-size-fixed quform-responsive-columns-phone-landscape\"><div class=\"quform-element quform-element-column quform-element-3_4\"><div class=\"quform-element quform-element-text quform-element-3_7 quform-cf quform-element-required\"><div class=\"quform-spacer\"><div class=\"quform-inner quform-inner-text quform-inner-3_7\"><div class=\"quform-input quform-input-text quform-input-3_7 quform-cf\"><input type=\"text\" id=\"quform_3_7_5cb5a5\" name=\"quform_3_7\" class=\"quform-field quform-field-text quform-field-3_7\" placeholder=\"Name\" \/><\/div><\/div><\/div><\/div><\/div><div class=\"quform-element quform-element-column quform-element-3_5\"><div class=\"quform-element quform-element-email quform-element-3_8 quform-cf quform-element-required\"><div class=\"quform-spacer\"><div class=\"quform-inner quform-inner-email quform-inner-3_8\"><div class=\"quform-input quform-input-email quform-input-3_8 quform-cf\"><input type=\"email\" id=\"quform_3_8_5cb5a5\" name=\"quform_3_8\" class=\"quform-field quform-field-email quform-field-3_8\" placeholder=\"E-Mail-Addresse\" \/><\/div><\/div><\/div><\/div><\/div><\/div><div class=\"quform-element quform-element-textarea quform-element-3_9 quform-cf quform-element-required\"><div class=\"quform-spacer\"><div class=\"quform-inner quform-inner-textarea quform-inner-3_9\"><div class=\"quform-input quform-input-textarea quform-input-3_9 quform-cf\"><textarea id=\"quform_3_9_5cb5a5\" name=\"quform_3_9\" class=\"quform-field quform-field-textarea quform-field-3_9\" placeholder=\"Nachricht\"><\/textarea><\/div><\/div><\/div><\/div><input type=\"hidden\" name=\"quform_3_11\" class=\"quform-field quform-field-hidden quform-field-3_11\" data-default=\"\" \/><div class=\"quform-element quform-element-checkbox quform-element-3_10 quform-cf quform-element-required\"><div class=\"quform-spacer\"><div class=\"quform-label quform-label-3_10\"><label class=\"quform-label-text\" id=\"quform_3_10_5cb5a5_label\"><a href=\"https:\/\/www.lust-auf-muenchen.com\/datenschutz\/\">Datenschutz:<\/a><span class=\"quform-required\">*<\/span><\/label><\/div><div class=\"quform-inner quform-inner-checkbox quform-inner-3_10\"><div class=\"quform-input quform-input-checkbox quform-input-3_10 quform-cf\"><div class=\"quform-options quform-cf quform-options-block quform-options-simple\" role=\"group\" aria-labelledby=\"quform_3_10_5cb5a5_label\"><div class=\"quform-option\"><input type=\"checkbox\" name=\"quform_3_10[]\" id=\"quform_3_10_5cb5a5_1\" class=\"quform-field quform-field-checkbox quform-field-3_10 quform-field-3_10_1\" value=\"Ich habe die Datenschutzerkl\u00e4rung zur Kenntnis genommen.\" \/><label for=\"quform_3_10_5cb5a5_1\" class=\"quform-option-label quform-option-label-3_10_1\"><span class=\"quform-option-text\">Ich habe die Datenschutzerkl\u00e4rung zur Kenntnis genommen.<\/span><\/label><\/div><\/div><\/div><\/div><\/div><\/div><div class=\"quform-element quform-element-submit quform-element-3_2 quform-cf quform-button-style-theme\"><div class=\"quform-button-submit quform-button-submit-default quform-button-submit-3_2\"><button name=\"quform_submit\" type=\"submit\" class=\"quform-submit\" value=\"submit\"><span class=\"quform-button-text quform-button-submit-text\">Senden<\/span><\/button><\/div><div class=\"quform-loading quform-loading-position-left quform-loading-type-spinner-1\"><div class=\"quform-loading-inner\"><div class=\"quform-loading-spinner\"><div class=\"quform-loading-spinner-inner\"><\/div><\/div><\/div><\/div><\/div><\/div><\/div><\/div><\/div><\/form><\/div><\/p>\n","protected":false},"author":1,"featured_media":0,"parent":0,"menu_order":0,"comment_status":"closed","ping_status":"closed","template":"","meta":{"_et_pb_use_builder":"on","_et_pb_old_content":"","_et_gb_content_width":"","footnotes":""},"class_list":["post-410","page","type-page","status-publish","hentry"],"_links":{"self":[{"href":"https:\/\/www.lust-auf-muenchen.com\/en\/wp-json\/wp\/v2\/pages\/410","targetHints":{"allow":["GET"]}}],"collection":[{"href":"https:\/\/www.lust-auf-muenchen.com\/en\/wp-json\/wp\/v2\/pages"}],"about":[{"href":"https:\/\/www.lust-auf-muenchen.com\/en\/wp-json\/wp\/v2\/types\/page"}],"author":[{"embeddable":true,"href":"https:\/\/www.lust-auf-muenchen.com\/en\/wp-json\/wp\/v2\/users\/1"}],"replies":[{"embeddable":true,"href":"https:\/\/www.lust-auf-muenchen.com\/en\/wp-json\/wp\/v2\/comments?post=410"}],"version-history":[{"count":15,"href":"https:\/\/www.lust-auf-muenchen.com\/en\/wp-json\/wp\/v2\/pages\/410\/revisions"}],"predecessor-version":[{"id":6725,"href":"https:\/\/www.lust-auf-muenchen.com\/en\/wp-json\/wp\/v2\/pages\/410\/revisions\/6725"}],"wp:attachment":[{"href":"https:\/\/www.lust-auf-muenchen.com\/en\/wp-json\/wp\/v2\/media?parent=410"}],"curies":[{"name":"wp","href":"https:\/\/api.w.org\/{rel}","templated":true}]}}