{"id":391,"date":"2020-06-03T15:18:59","date_gmt":"2020-06-03T13:18:59","guid":{"rendered":"https:\/\/www.lust-auf-muenchen.com\/?page_id=391"},"modified":"2026-02-16T08:27:42","modified_gmt":"2026-02-16T07:27:42","slug":"impressum","status":"publish","type":"page","link":"https:\/\/www.lust-auf-muenchen.com\/en\/impressum\/","title":{"rendered":"imprint"},"content":{"rendered":"<p>[et_pb_section fb_built=&#8220;1&#8243; admin_label=&#8220;About&#8220; _builder_version=&#8220;4.16&#8243; custom_margin=&#8220;-40px|||||&#8220; custom_padding=&#8220;80px||||false|false&#8220; global_colors_info=&#8220;{}&#8220;][et_pb_row _builder_version=&#8220;4.16&#8243; global_colors_info=&#8220;{}&#8220;][et_pb_column type=&#8220;4_4&#8243; _builder_version=&#8220;4.16&#8243; global_colors_info=&#8220;{}&#8220;][et_pb_text _builder_version=&#8220;4.27.5&#8243; header_2_font=&#8220;Gilda Display||||||||&#8220; header_2_font_size=&#8220;36px&#8220; hover_enabled=&#8220;0&#8243; global_colors_info=&#8220;{}&#8220; sticky_enabled=&#8220;0&#8243;]<\/p>\n<h2>Impressum<\/h2>\n<p><strong>Grit Ranft<\/strong><br \/>Naupliastra\u00dfe 100<br \/>81545 M\u00fcnchen<\/p>\n<p><span style=\"font-size: 15px;\">USt-IdNr.: DE316540174<\/span><\/p>\n<p>Telefon: +49 151 5254 1981<br \/>Web: <a href=\"www.lust-auf-muenchen.com\">www.lust-auf-muenchen.com<\/a><br \/>Email: <a href=\"mailto:info@lust-auf-muenchen.com\">info@lust-auf-muenchen.com<\/a><\/p>\n<p>Verantwortlich f\u00fcr den Inhalt: Grit Ranft<br \/>Quellenangaben f\u00fcr die verwendeten Bilder und Grafiken: shutterstock.com<\/p>\n<p>Das Copyright f\u00fcr s\u00e4mtliche Bilder von Residenz M\u00fcnchen, Englischem Garten, Schloss Nymphenburg mit Park liegt bei der Bayerischen Schl\u00f6sser und Seenverwaltung\u00a0\u00a9 Bayerische Schl\u00f6sserverwaltung, <a href=\"http:\/\/www.schloesser.bayern.de;\">www.schloesser.bayern.de;<\/a>\u00a0Photografen: shutterstock.com oder Grit Ranft<\/p>\n<p>&nbsp;<\/p>\n<h2>Haftungsausschluss (Disclaimer)<\/h2>\n<h3>Haftung f\u00fcr Inhalte<\/h3>\n<p>Als Diensteanbieter sind wir gem\u00e4\u00df \u00a7 7 Abs.1 DDG f\u00fcr eigene Inhalte auf diesen Seiten nach den allgemeinen Gesetzen verantwortlich. Nach \u00a7\u00a7 8 bis 10 DDG sind wir als Diensteanbieter jedoch nicht verpflichtet, \u00fcbermittelte oder gespeicherte fremde Informationen zu \u00fcberwachen oder nach Umst\u00e4nden zu forschen, die auf eine rechtswidrige T\u00e4tigkeit hinweisen. Verpflichtungen zur Entfernung oder Sperrung der Nutzung von Informationen nach den allgemeinen Gesetzen bleiben hiervon unber\u00fchrt. Eine diesbez\u00fcgliche Haftung ist jedoch erst ab dem Zeitpunkt der Kenntnis einer konkreten Rechtsverletzung m\u00f6glich. Bei Bekanntwerden von entsprechenden Rechtsverletzungen werden wir diese Inhalte umgehend entfernen.<\/p>\n<h3>Haftung f\u00fcr Links<\/h3>\n<p>Unser Angebot enth\u00e4lt Links zu externen Webseiten Dritter, auf deren Inhalte wir keinen Einfluss haben. Deshalb k\u00f6nnen wir f\u00fcr diese fremden Inhalte auch keine Gew\u00e4hr \u00fcbernehmen. F\u00fcr die Inhalte der verlinkten Seiten ist stets der jeweilige Anbieter oder Betreiber der Seiten verantwortlich. Die verlinkten Seiten wurden zum Zeitpunkt der Verlinkung auf m\u00f6gliche Rechtsverst\u00f6\u00dfe \u00fcberpr\u00fcft. Rechtswidrige Inhalte waren zum Zeitpunkt der Verlinkung nicht erkennbar. Eine permanente inhaltliche Kontrolle der verlinkten Seiten ist jedoch ohne konkrete Anhaltspunkte einer Rechtsverletzung nicht zumutbar. Bei Bekanntwerden von Rechtsverletzungen werden wir derartige Links umgehend entfernen.<\/p>\n<h3>Urheberrecht<\/h3>\n<p>Die durch die Seitenbetreiber erstellten Inhalte und Werke auf diesen Seiten unterliegen dem deutschen Urheberrecht. Die Vervielf\u00e4ltigung, Bearbeitung, Verbreitung und jede Art der Verwertung au\u00dferhalb der Grenzen des Urheberrechtes bed\u00fcrfen der schriftlichen Zustimmung des jeweiligen Autors bzw. Erstellers. Downloads und Kopien dieser Seite sind nur f\u00fcr den privaten, nicht kommerziellen Gebrauch gestattet. Soweit die Inhalte auf dieser Seite nicht vom Betreiber erstellt wurden, werden die Urheberrechte Dritter beachtet. Insbesondere werden Inhalte Dritter als solche gekennzeichnet. Sollten Sie trotzdem auf eine Urheberrechtsverletzung aufmerksam werden, bitten wir um einen entsprechenden Hinweis. Bei Bekanntwerden von Rechtsverletzungen werden wir derartige Inhalte umgehend entfernen.<\/p>\n<p>[\/et_pb_text][\/et_pb_column][\/et_pb_row][\/et_pb_section]<\/p>\n","protected":false},"excerpt":{"rendered":"<p>Impressum Grit RanftNaupliastra\u00dfe 10081545 M\u00fcnchen USt-IdNr.: DE316540174 Telefon: +49 151 5254 1981Web: www.lust-auf-muenchen.comEmail: info@lust-auf-muenchen.com Verantwortlich f\u00fcr den Inhalt: Grit RanftQuellenangaben f\u00fcr die verwendeten Bilder und Grafiken: shutterstock.com Das Copyright f\u00fcr s\u00e4mtliche Bilder von Residenz M\u00fcnchen, Englischem Garten, Schloss Nymphenburg mit Park liegt bei der Bayerischen Schl\u00f6sser und Seenverwaltung\u00a0\u00a9 Bayerische Schl\u00f6sserverwaltung, www.schloesser.bayern.de;\u00a0Photografen: shutterstock.com oder Grit Ranft [&hellip;]<\/p>\n","protected":false},"author":1,"featured_media":0,"parent":0,"menu_order":0,"comment_status":"closed","ping_status":"closed","template":"","meta":{"_et_pb_use_builder":"on","_et_pb_old_content":"","_et_gb_content_width":"","footnotes":""},"class_list":["post-391","page","type-page","status-publish","hentry"],"_links":{"self":[{"href":"https:\/\/www.lust-auf-muenchen.com\/en\/wp-json\/wp\/v2\/pages\/391","targetHints":{"allow":["GET"]}}],"collection":[{"href":"https:\/\/www.lust-auf-muenchen.com\/en\/wp-json\/wp\/v2\/pages"}],"about":[{"href":"https:\/\/www.lust-auf-muenchen.com\/en\/wp-json\/wp\/v2\/types\/page"}],"author":[{"embeddable":true,"href":"https:\/\/www.lust-auf-muenchen.com\/en\/wp-json\/wp\/v2\/users\/1"}],"replies":[{"embeddable":true,"href":"https:\/\/www.lust-auf-muenchen.com\/en\/wp-json\/wp\/v2\/comments?post=391"}],"version-history":[{"count":11,"href":"https:\/\/www.lust-auf-muenchen.com\/en\/wp-json\/wp\/v2\/pages\/391\/revisions"}],"predecessor-version":[{"id":7501,"href":"https:\/\/www.lust-auf-muenchen.com\/en\/wp-json\/wp\/v2\/pages\/391\/revisions\/7501"}],"wp:attachment":[{"href":"https:\/\/www.lust-auf-muenchen.com\/en\/wp-json\/wp\/v2\/media?parent=391"}],"curies":[{"name":"wp","href":"https:\/\/api.w.org\/{rel}","templated":true}]}}