{"id":2656,"date":"2020-11-05T09:31:45","date_gmt":"2020-11-05T08:31:45","guid":{"rendered":"https:\/\/www.lust-auf-muenchen.com\/?page_id=2656"},"modified":"2026-02-16T08:30:52","modified_gmt":"2026-02-16T07:30:52","slug":"agb","status":"publish","type":"page","link":"https:\/\/www.lust-auf-muenchen.com\/en\/agb\/","title":{"rendered":"Terms and Conditions"},"content":{"rendered":"<p>[et_pb_section fb_built=&#8220;1&#8243; admin_label=&#8220;About&#8220; _builder_version=&#8220;4.16&#8243; custom_margin=&#8220;-40px|||||&#8220; custom_padding=&#8220;80px||||false|false&#8220; global_colors_info=&#8220;{}&#8220;][et_pb_row _builder_version=&#8220;4.16&#8243; global_colors_info=&#8220;{}&#8220;][et_pb_column type=&#8220;4_4&#8243; _builder_version=&#8220;4.16&#8243; global_colors_info=&#8220;{}&#8220;][et_pb_text _builder_version=&#8220;4.27.5&#8243; header_2_font=&#8220;Gilda Display||||||||&#8220; header_2_font_size=&#8220;36px&#8220; hover_enabled=&#8220;0&#8243; global_colors_info=&#8220;{}&#8220; sticky_enabled=&#8220;0&#8243;]<\/p>\n<h2>AGB<\/h2>\n<p>In den folgenden Bestimmungen ist unter Auftraggeber der Besteller der F\u00fchrung und unter Auftragnehmer Ihre G\u00e4stef\u00fchrerin Grit Ranft zu verstehen.<\/p>\n<h3>1. Leistungsbeschreibung<\/h3>\n<p>Die Leistungsbeschreibung der jeweiligen F\u00fchrung ist in der dazugeh\u00f6rigen Tourenbeschreibungen enthalten. Ich behalte mir \u00c4nderungen aufgrund besonderer Gegebenheiten bei der jeweiligen Tour vor.<\/p>\n<h3>2. Honorar<\/h3>\n<p>Generell gelten Preise nach Vereinbarung.<\/p>\n<p>Standardf\u00fchrungen bis zu zwei Stunden EURO 200,-<br \/>Jede weitere Stunde EURO 70,-<br \/>Alle Preise zuz\u00fcglich 19% MWSt.<\/p>\n<p>Sofern abweichend hiervon ein anderes Honorar vereinbart wurde, hat diese individuelle Vereinbarung Vorrang; auf \u00a7305b, BGB wird hingewiesen (Vorrang der Individualabrede gegen\u00fcber den AGBs).<\/p>\n<p>Bei Versp\u00e4tung der Gruppe wartet der G\u00e4stef\u00fchrer 30 Minuten am vereinbarten Treffpunkt. Sollten die Teilnehmer zum vereinbarten Termin nicht erscheinen, wird das vereinbarte Honorar berechnet.<\/p>\n<p>W\u00fcnscht der Auftraggeber abweichend vom regul\u00e4ren Anfangs- bzw. Endpunkt der F\u00fchrung eine Abholung oder eine Beendigung au\u00dferhalb des M\u00fcnchner Stadtgebiets, werden dem Auftraggeber die zus\u00e4tzlichen Aufwendungen f\u00fcr Bef\u00f6rderungskosten zus\u00e4tzlich in Rechnung gestellt.<\/p>\n<p>W\u00fcnscht der Auftraggeber Pausen w\u00e4hrend der F\u00fchrungen oder der Touren, so geht dies zu Lasten des vereinbarten Zeitrahmens. Sollte sich dadurch die Gesamtdauer der F\u00fchrung bzw. der Tour verl\u00e4ngern, so fallen die oben angef\u00fchrten S\u00e4tze pro angefangene Stunde an.<\/p>\n<p>Eintrittsgelder sind in den G\u00e4stef\u00fchrerhonoraren nicht enthalten und vor Ort zu bezahlen.<\/p>\n<h3>3. R\u00fccktritt durch den Auftragnehmer<\/h3>\n<p>Sofern aufgrund zwingender Gr\u00fcnde ein anderer G\u00e4stef\u00fchrer als Ersatz die vereinbarte F\u00fchrung zu den vereinbarten Konditionen durchf\u00fchren muss, wird mit dem Auftraggeber R\u00fccksprache gehalten. Auf dessen im \u00a7309 Nr. 10 b BGB genannten Rechte wird verwiesen.<br \/>Wird die Vertragserf\u00fcllung aufgrund h\u00f6herer Gewalt gef\u00e4hrdet, beeintr\u00e4chtigt oder unm\u00f6glich, kann der Auftragnehmer von der vereinbarten Leistung zur\u00fccktreten oder diese ersatzlos abbrechen. Eine Entsch\u00e4digung des Auftraggebers wird ausdr\u00fccklich ausgeschlossen.<\/p>\n<h3>4. R\u00fccktritt durch den Auftraggeber<\/h3>\n<p>Der R\u00fccktritt vom Vertrag (Stornierung) muss schriftlich erfolgen.<\/p>\n<p>Bei einem R\u00fccktritt des Auftraggebers werden folgende Kosten angesetzt:<br \/>Kostenlose Stornierung des Auftrages bis 2 Wochen vor dem vereinbarten Termin.<br \/>Bei Auftragsstornierungen zwischen 2 Wochen und 3 Werktagen vor dem vereinbarten Termin wird ein Ausfallhonorar von 50 % berechnet.<br \/>Bei Auftragsstornierungen von weniger als 3 Werktagen (72 Stunden) vor dem vereinbarten Termin wird das volle vereinbarte Honorar in Rechnung gestellt.<\/p>\n<p>Der Auftragnehmer beh\u00e4lt sich hierbei vor, die vereinbarten und bereits erbrachten Leistungen dem Auftraggeber in Rechnung zu stellen (z.B. vorab besorgte Tickets, etc.)<\/p>\n<p>Bleibt der Auftraggeber am Leistungstag der gebuchten Leistung fern oder nimmt sie aus Gr\u00fcnden, die der Auftragnehmer nicht zu verantworten hat, nicht wahr, wird der im Vertrag vereinbarte Preis in voller H\u00f6he in Rechnung gestellt. Hieraus ergibt sich kein Recht des Auftraggebers auf Nachholung der F\u00fchrung zu einem sp\u00e4teren Zeitpunkt.<\/p>\n<p>Bei einer vorzeitigen Beendigung der F\u00fchrung auf Wunsch des Auftraggebers ist das komplette, vorher vereinbarte Honorar f\u00e4llig. Nimmt der Auftraggeber einzelne Leistungen nach Beginn der F\u00fchrung infolge vorzeitiger R\u00fcckreise oder aus anderen Gr\u00fcnden, die der Auftragnehmer nicht zu verantworten hat, nicht oder nicht in vollem Umfange wahr, so hat er keinen Anspruch auf Erstattung bzw. Erm\u00e4\u00dfigung des vereinbarten Preises.<\/p>\n<p>Die F\u00fchrungen finden bei jedem Wetter statt. Gegebenenfalls kann nach individueller Absprache ein Schlechtwetterprogramm als Alternative vereinbart werden.<\/p>\n<h3>5. Maximale Gruppengr\u00f6\u00dfe<\/h3>\n<p>Die Gruppengr\u00f6\u00dfe bei Stadtrundg\u00e4ngen betr\u00e4gt maximal 25 Teilnehmer oder richtet sich nach den beh\u00f6rdlichen Vorgaben (s. Hygienekonzept)<br \/>Bei \u00dcberschreitung der jeweiligen angegeben maximalen Teilnehmerzahl ist die Beauftragung eines weiteren G\u00e4stef\u00fchrers notwendig. Dies gilt insbesondere bei F\u00fchrungen innerhalb von geschlossenen Geb\u00e4uden.<\/p>\n<h3>6. Urheberrecht und andere Rechte des Auftragnehmers<\/h3>\n<p>Bild und Tonaufnahmen des Auftragnehmers sowie Mitschnitte und Tonaufnahmen des F\u00fchrungsinhaltes sind nicht gestattet, sofern dies nicht ausdr\u00fccklich vom Auftragnehmer gestattet wurde. Ausgegebenes Bild und Lehrmaterial darf ohne Zustimmung des Auftragnehmers auf keine Weise vervielf\u00e4ltigt werden.<\/p>\n<h3>7. Haftung<\/h3>\n<p>Die Teilnahme an F\u00fchrungen erfolgt auf eigene Gefahr und eigenes Risiko. Der G\u00e4stef\u00fchrer ist von jeglicher Haftung freigestellt.<\/p>\n<p>Ihr G\u00e4stef\u00fchrer ist gesch\u00fctzt durch eine Berufshaftpflichtversicherung und Verm\u00f6gensschadenversicherung durch den Bundesverband der G\u00e4stef\u00fchrer in Deutschland BVGD. Die Berufshaftpflichtversicherung wurde abgeschlossen bei der Generali Versicherung AG, 81731 M\u00fcnchen. Ausf\u00fchrliche Informationen zur Berufshaftpflichtversicherung finden Sie unter www.bvgd.org.<\/p>\n<p>Bei der Teilnahme Minderj\u00e4hriger wird keine Aufsichtspflicht \u00fcbernommen. Diese verbleibt bei den Eltern, den gesetzlichen Vertretern oder den Begleitpersonen.<\/p>\n<h3>8. Hygienekonzept<\/h3>\n<p>Das Hygienekonzept basiert auf Grundlage der jeweils aktuellen Bayerischen Infektionsschutzma\u00dfnahmenverordnung:<\/p>\n<ul>\n<li>Einhaltung der allgemeinen Hygieneregeln<\/li>\n<li>Einhaltung des Mindestabstands von 1,5 Metern<\/li>\n<li>Tragen des Mund-Nasenschutzes in allen vorgegebenen \u00f6ffentlichen und in geschlossenen R\u00e4umen<\/li>\n<li>Namentliche Erfassung aller Teilnehmer mit Kontaktdaten<\/li>\n<li>Gruppengr\u00f6\u00dfe entsprechend der beh\u00f6rdlichen Vorgaben im Au\u00dfenraum und im Innenraum entsprechend den Hygienekonzepten der jeweiligen \u00d6rtlichkeit<\/li>\n<\/ul>\n<h3>9. Geltendes Recht<\/h3>\n<p>Sofern nichts anderes in diesen AGBs bestimmt oder schriftlich zwischen Auftraggeber und Auftragnehmer vereinbart ist, findet auf das Vertragsverh\u00e4ltnis zwischen dem Auftraggeber und dem Auftragnehmer ausschlie\u00dflich deutsches Recht Anwendung.<\/p>\n<h3>10. Salvatorische Klausel<\/h3>\n<p>Die Unwirksamkeit einzelner Bestimmungen hat nicht die Unwirksamkeit des ganzen Vertrags zur Folge. An die Stelle unwirksamer Bestimmungen treten in diesem Fall die gesetzlichen Vorschriften.<\/p>\n<p>[\/et_pb_text][\/et_pb_column][\/et_pb_row][\/et_pb_section]<\/p>\n","protected":false},"excerpt":{"rendered":"<p>AGB In den folgenden Bestimmungen ist unter Auftraggeber der Besteller der F\u00fchrung und unter Auftragnehmer Ihre G\u00e4stef\u00fchrerin Grit Ranft zu verstehen. 1. Leistungsbeschreibung Die Leistungsbeschreibung der jeweiligen F\u00fchrung ist in der dazugeh\u00f6rigen Tourenbeschreibungen enthalten. Ich behalte mir \u00c4nderungen aufgrund besonderer Gegebenheiten bei der jeweiligen Tour vor. 2. Honorar Generell gelten Preise nach Vereinbarung. Standardf\u00fchrungen bis [&hellip;]<\/p>\n","protected":false},"author":1,"featured_media":0,"parent":0,"menu_order":0,"comment_status":"closed","ping_status":"closed","template":"","meta":{"_et_pb_use_builder":"on","_et_pb_old_content":"","_et_gb_content_width":"","footnotes":""},"class_list":["post-2656","page","type-page","status-publish","hentry"],"_links":{"self":[{"href":"https:\/\/www.lust-auf-muenchen.com\/en\/wp-json\/wp\/v2\/pages\/2656","targetHints":{"allow":["GET"]}}],"collection":[{"href":"https:\/\/www.lust-auf-muenchen.com\/en\/wp-json\/wp\/v2\/pages"}],"about":[{"href":"https:\/\/www.lust-auf-muenchen.com\/en\/wp-json\/wp\/v2\/types\/page"}],"author":[{"embeddable":true,"href":"https:\/\/www.lust-auf-muenchen.com\/en\/wp-json\/wp\/v2\/users\/1"}],"replies":[{"embeddable":true,"href":"https:\/\/www.lust-auf-muenchen.com\/en\/wp-json\/wp\/v2\/comments?post=2656"}],"version-history":[{"count":7,"href":"https:\/\/www.lust-auf-muenchen.com\/en\/wp-json\/wp\/v2\/pages\/2656\/revisions"}],"predecessor-version":[{"id":7502,"href":"https:\/\/www.lust-auf-muenchen.com\/en\/wp-json\/wp\/v2\/pages\/2656\/revisions\/7502"}],"wp:attachment":[{"href":"https:\/\/www.lust-auf-muenchen.com\/en\/wp-json\/wp\/v2\/media?parent=2656"}],"curies":[{"name":"wp","href":"https:\/\/api.w.org\/{rel}","templated":true}]}}